{"id":11,"date":"2022-03-19T11:11:35","date_gmt":"2022-03-19T10:11:35","guid":{"rendered":"https:\/\/alzasformation.com\/index.php\/lp-term-conditions\/"},"modified":"2024-06-16T13:00:19","modified_gmt":"2024-06-16T11:00:19","slug":"lp-term-conditions","status":"publish","type":"page","link":"https:\/\/alzasformation.com\/index.php\/lp-term-conditions\/","title":{"rendered":"C.G.U."},"content":{"rendered":"<div id=\"pl-gb11-69e219211ec45\"  class=\"panel-layout wp-block-siteorigin-panels-layout-block\" ><div id=\"pg-gb11-69e219211ec45-0\"  class=\"panel-grid panel-no-style\" ><div id=\"pgc-gb11-69e219211ec45-0-0\"  class=\"panel-grid-cell\" ><div id=\"panel-gb11-69e219211ec45-0-0-0\" class=\"so-panel widget widget_sow-editor panel-first-child panel-last-child\" data-index=\"0\" ><div\n\t\t\t\n\t\t\tclass=\"so-widget-sow-editor so-widget-sow-editor-base\"\n\t\t\t\n\t\t><h3 class=\"widget-title\">Conditions g\u00e9n\u00e9rales  de vente et d&rsquo;utilisation<\/h3>\n<div class=\"siteorigin-widget-tinymce textwidget\">\n\t<h3 class=\"widget-title\"><\/h3>\n<div class=\"siteorigin-widget-tinymce textwidget\">\n<p><strong>Conditions g\u00e9n\u00e9rales\u00a0de vente des Formations en pr\u00e9sentielle, du E-learning tutoriel et des E-books<\/strong><\/p>\n<p>Les pr\u00e9sentes conditions g\u00e9n\u00e9rales de vente s\u2019appliquent aux formations en pr\u00e9sentielles, E-learning et consultations en ligne \u00e0 partir du site Internet\u00a0<strong>www.alzasformation.com<\/strong>\u00a0fournis par la soci\u00e9t\u00e9 ALZAS FORMATION. Conseil et formation, au capital social de 1000 \u20ac, ayant son si\u00e8ge : 486 chemin du Grand Bois, 30900 N\u00eemes\u00a0<strong> Siret : 909 520 447 00014 RCS N\u00eemes Num\u00e9ro de d\u00e9claration d\u2019activit\u00e9 DREES Occitanie : 76300493130 Naf : 85.59A<\/strong><\/p>\n<p><strong>Sommaire<\/strong><\/p>\n<ol>\n<li><strong>Application des conditions g\u00e9n\u00e9rales de vente<\/strong><\/li>\n<li><strong>Commande<\/strong><\/li>\n<li><strong>Les documents l\u00e9gaux<\/strong><\/li>\n<li><strong>Tarifs, facturation et modes de r\u00e8glement<\/strong><\/li>\n<li><strong>Acc\u00e8s au service<\/strong><\/li>\n<li><strong>Modalit\u00e9s de mise \u00e0 disposition des services de formation<\/strong><\/li>\n<li><strong>R\u00e8gles d\u2019usage de l\u2019Internet<\/strong><\/li>\n<li><strong>Validit\u00e9 des \u00e9changes \u00e9lectroniques<\/strong><\/li>\n<li><strong>Validit\u00e9 contractuelle des informations<\/strong><\/li>\n<li><strong>Propri\u00e9t\u00e9 intellectuelle des contenus<\/strong><\/li>\n<li><strong>Non-validit\u00e9 partielle<\/strong><\/li>\n<li><strong>Non-renonciation<\/strong><\/li>\n<li><strong>Informations nominatives<\/strong><\/li>\n<li><strong>Droit applicable<\/strong><\/li>\n<li><strong>Attribution de comp\u00e9tence<\/strong><\/li>\n<\/ol>\n<p>&nbsp;<\/p>\n<ol>\n<li><strong>Application des conditions g\u00e9n\u00e9rales de vente<\/strong><\/li>\n<\/ol>\n<p>Le fait de passer commande sur www.alzasformation.com ou de signer une convention de formation en pr\u00e9sentielle pour un ou plusieurs services de formation, de choisir et valider un mode de paiement lors du processus de commande implique la consultation pr\u00e9alable des pr\u00e9sentes conditions g\u00e9n\u00e9rales et l\u2019adh\u00e9sion automatique, irr\u00e9vocable et sans r\u00e9serve du client aux pr\u00e9sentes conditions g\u00e9n\u00e9rales de vente.<\/p>\n<p>En cons\u00e9quence, le client reconna\u00eet \u00eatre parfaitement inform\u00e9 du fait que son accord concernant le contenu des pr\u00e9sentes conditions g\u00e9n\u00e9rales. De ce fait, cela ne n\u00e9cessite pas la signature manuscrite de ce document, dans la mesure o\u00f9 il souhaite commander en ligne les produits pr\u00e9sent\u00e9s tels que les formations en E-learning ou les commandes d\u2019E-books.<\/p>\n<p><strong>Pour les formations en pr\u00e9sentielles :<\/strong><\/p>\n<p>Les actions de formation dispens\u00e9es par la soci\u00e9t\u00e9 ALZAS FORMATION SASU rentrent dans le cadre de la formation professionnelle et des dispositions de l\u2019article L 6313-1 du Code du travail. Elles sont donc r\u00e9alis\u00e9es conform\u00e9ment \u00e0 un programme pr\u00e9\u00e9tabli qui, en fonction d\u2019objectifs d\u00e9termin\u00e9s, pr\u00e9cise les moyens p\u00e9dagogiques, les moyens techniques et d\u2019encadrement mis en \u0153uvre ainsi que les processus permettant de suivre son ex\u00e9cution et d\u2019en appr\u00e9cier les r\u00e9sultats.<\/p>\n<p>Chaque formation dispens\u00e9e par la soci\u00e9t\u00e9 ALZAS FORMATION SASU porte un num\u00e9ro d\u2019identification unique, une d\u00e9nomination, un titre et un contenu.<\/p>\n<p>La participation aux formations dispens\u00e9es par la soci\u00e9t\u00e9 ALZAS FORMATION SASU \u00a0implique de la part de l\u2019acheteur desdites prestations (ci-apr\u00e8s d\u00e9nomm\u00e9 \u00ab le Client) que ce dernier veille \u00e0 ce que les participants inscrits poss\u00e8dent bien les connaissances requises et\/ou y r\u00e9pondent en termes de comp\u00e9tence pour pouvoir suivre les formations.<\/p>\n<p>La vente des prestations de formation par la soci\u00e9t\u00e9 ALZAS FORMATION SASU est exclusivement r\u00e9serv\u00e9e aux particuliers<strong>, les ventes de prestations aux entreprises devront faire l\u2019objet d\u2019un devis sur demande.<\/strong><\/p>\n<p>Aucune condition particuli\u00e8re ne peut, sauf acceptation formelle et \u00e9crite de la soci\u00e9t\u00e9 ALZAS FORMATION SASU, pr\u00e9valoir sur ces conditions g\u00e9n\u00e9rales de vente.<\/p>\n<p>ALZAS FORMATION SASU se r\u00e9serve le droit de modifier \u00e0 tout moment et sans pr\u00e9avis les pr\u00e9sentes conditions g\u00e9n\u00e9rales de vente.<\/p>\n<ol start=\"2\">\n<li><strong>Commande<\/strong><\/li>\n<\/ol>\n<p>En enregistrant sa commande (en cliquant sur les ic\u00f4nes \u00ab valider votre commande \u00bb et \u00ab j\u2019accepte \u00bb), ou en signant la convention de formation le client d\u00e9clare accepter sans r\u00e9serve les termes de ladite commande ainsi que l\u2019int\u00e9gralit\u00e9 des pr\u00e9sentes conditions de ventes. Il certifie avoir la pleine capacit\u00e9 juridique lui permettant de s\u2019engager au titre des pr\u00e9sentes conditions g\u00e9n\u00e9rales de vente.<\/p>\n<p>Les pr\u00e9sentes Conditions G\u00e9n\u00e9rales de Vente sont applicables \u00e0 toute commande de formation pass\u00e9e par un Client aupr\u00e8s la soci\u00e9t\u00e9 ALZAS FORMATION SASU.<\/p>\n<p>De m\u00eame, le simple fait d\u2019assister, en personne ou par l\u2019un de ses pr\u00e9pos\u00e9s, \u00e0 une s\u00e9ance de formation implique l\u2019adh\u00e9sion enti\u00e8re et sans r\u00e9serve du Client aux pr\u00e9sentes Conditions G\u00e9n\u00e9rales de Vente pour la dur\u00e9e des relations contractuelles li\u00e9es aux formations. Ainsi, la passation de commande ou l\u2019assistance \u00e0 une s\u00e9ance de formation vaut acceptation expresse et sans r\u00e9serve par le Client des pr\u00e9sentes Conditions G\u00e9n\u00e9rales de Vente, lesquelles pr\u00e9vaudront sur toutes autres conditions.<\/p>\n<p>Celles-ci ne peuvent \u00eatre modifi\u00e9es que par un \u00e9crit sign\u00e9 par le Client et un responsable de la soci\u00e9t\u00e9 ALZAS FORMATION SASU\u00a0\u00e0 savoir Mme Claudine ALZAS d\u00fbment habilit\u00e9e \u00e0 cet effet.<\/p>\n<p>Le fait que la soci\u00e9t\u00e9 ALZAS FORMATION SASU \u00a0ne se pr\u00e9vale pas \u00e0 un moment donn\u00e9 de l\u2019une quelconque des pr\u00e9sentes Conditions G\u00e9n\u00e9rales de Vente ne peut \u00eatre interpr\u00e9t\u00e9 comme valant renonciation \u00e0 se pr\u00e9valoir ult\u00e9rieurement de l\u2019une quelconque desdites conditions.<\/p>\n<ol start=\"3\">\n<li><strong>Les documents l\u00e9gaux<\/strong><\/li>\n<\/ol>\n<p>Les obligations incombant aux dispensateurs de formation professionnelle continue qui s\u2019appliquent aux formations en pr\u00e9sentielles, ouvertes et \u00e0 distance se traduisant par l\u2019\u00e9tablissement des documents l\u00e9gaux obligatoires, ALZAS FORMATION SASU \u00e9tablit :<\/p>\n<p>Pour les formations prises en charge par des financeurs :<\/p>\n<ul>\n<li>Une convention de formation<\/li>\n<li>Un protocole individuel de formation (fiche de contenu de la formation disponible avant commande)<\/li>\n<li>Une attestation de suivi du parcours formation<\/li>\n<li>Une facture<\/li>\n<\/ul>\n<p>Dans le cadre d\u2019une formation individuelle de particulier, le la soci\u00e9t\u00e9 ALZAS FORMATION SASU \u00e9tablit une facture seulement.<\/p>\n<ol start=\"4\">\n<li><strong>Tarifs, facturation et modes de r\u00e8glement<\/strong><\/li>\n<\/ol>\n<p>Les tarifs correspondant \u00e0 l\u2019acc\u00e8s aux formations en pr\u00e9sentielles, \u00e0 la formation tutor\u00e9e, \u00e0 la consultation sont pr\u00e9cis\u00e9s dans le formulaire de commande ou dans la convention de formation.\u00a0Les tarifs en vigueur sont consultables, \u00e0 tout moment, sur le site Internet www.alzasformation.com ou dans le catalogue des formations disponibles. La soci\u00e9t\u00e9 ALZAS FORMATION SASU se r\u00e9serve le droit de modifier ces tarifs \u00e0 tout moment. Les tarifs indiqu\u00e9s concernent exclusivement les formations de particulier et en formation individuelle.\u00a0<strong>Toute formation continue \u00e0 la demande d\u2019entreprise devra faire l\u2019objet d\u2019une demande de tarif faisant l\u2019objet d\u2019un devis.<\/strong><\/p>\n<p>Pour devenir client, il convient d\u2019ouvrir un compte en remplissant le formulaire en ligne.<\/p>\n<p>Les modes de r\u00e8glement sont les suivants :<\/p>\n<ul>\n<li>Soit par virement, RIB disponible sur demande \u00e0 l\u2019adresse\u00a0<a href=\"mailto:alzasformation@hotmail.fr\">alzasformationcontact@gmail.com ;<\/a><\/li>\n<li>Soit par ch\u00e8que libell\u00e9 \u00e0 l\u2019ordre de la soci\u00e9t\u00e9 ALZAS FORMATION SASU, 486 chemin du grand bois, 30900 N\u00eemes, adress\u00e9 accompagn\u00e9 de la facture pro forma imprim\u00e9e, avec ouverture du compte \u00e0 r\u00e9ception du paiement ;<\/li>\n<li>carte bleue.<\/li>\n<\/ul>\n<p>La soci\u00e9t\u00e9 ALZAS FORMATION SASU se r\u00e9serve le droit d\u2019annuler toute commande d\u2019un client avec lequel, il existerait un litige relatif au paiement d\u2019une commande ant\u00e9rieure.<\/p>\n<ol start=\"5\">\n<li><strong>Acc\u00e8s au service<\/strong><\/li>\n<\/ol>\n<p>L\u2019acc\u00e8s au site e-learning de la soci\u00e9t\u00e9 ALZAS FORMATION SASU est permanent, sauf cas de force majeure, interventions de maintenance ou tout autre \u00e9v\u00e8nement ind\u00e9pendant de la volont\u00e9 de la soci\u00e9t\u00e9 ALZAS FORMATION SASU.<\/p>\n<p>L\u2019impossibilit\u00e9 d\u2019utiliser le produit achet\u00e9 pour quelque cause que ce soit, notamment pour incompatibilit\u00e9 avec le mat\u00e9riel d\u00e9j\u00e0 poss\u00e9d\u00e9 par le client ou d\u00e9bit internet insuffisant, ne peut en aucun cas donner lieu \u00e0 d\u00e9dommagement ou \u00e0 annulation de l\u2019achat aupr\u00e8s de la soci\u00e9t\u00e9 ALZAS FORMATION SASU, sauf disposition contraire pr\u00e9vue dans les pr\u00e9sentes conditions g\u00e9n\u00e9rales de vente.<\/p>\n<p>En cas de difficult\u00e9s d\u2019acc\u00e8s au site, une assistance technique est disponible par mail \u00e0 <a href=\"mailto:alzasformation@hotmail.fr\">alzasformationcontact@gmail.com<\/a> du lundi au vendredi.<\/p>\n<p>Mme Claudine ALZAS est r\u00e9f\u00e9rent handicap, tout probl\u00e8me d&rsquo;acc\u00e8s ou questions relatives au handicap lors des formations, vous pouvez la contactez au 06.20.02.40.63 afin de trouver des solutions<\/p>\n<p>&nbsp;<\/p>\n<ol start=\"6\">\n<li><strong>Modalit\u00e9s de mise \u00e0 disposition des services de formation<\/strong><\/li>\n<\/ol>\n<p>La mise \u00e0 disposition est effectu\u00e9e par l\u2019envoi au client d\u2019un identifiant et d\u2019un mot de passe qui lui permettront d\u2019acc\u00e9der \u00e0 son service sur la plate-forme de t\u00e9l\u00e9formation www.alzasformation.com.<\/p>\n<p>Elle est effective \u00e0 partir du lendemain de la validation du paiement et pour une p\u00e9riode limit\u00e9e stipul\u00e9e de six mois.<\/p>\n<p><strong>Une p\u00e9riode d&rsquo;essai de quinze jours calendaires est accord\u00e9e afin de respecter le droit de r\u00e9tractation de la vente en ligne, le cours est ouvert \u00e0 des dates donn\u00e9es et par tranche de semaine pour des raisons p\u00e9dagogiques. Toute annulation durant la p\u00e9riode d&rsquo;essai ou tout commande impay\u00e9e aura pour effet d&rsquo;annuler l&rsquo;acc\u00e8s au reste du cours sans aucune d\u00e9marche.<\/strong><\/p>\n<p><strong>Le mot de passe et l\u2019identifiant qui permettent au client de s\u2019identifier et de se connecter \u00e0 la partie payante du site sont personnels et confidentiels.<\/strong><\/p>\n<p><strong>Le client s\u2019engage \u00e0 les conserver secrets et \u00e0 ne les transmettre \u00e0 quiconque sous quelque forme que ce soit, \u00e0 ne pas transmettre les codes d\u2019acc\u00e8s aux vid\u00e9os formation.<\/strong><\/p>\n<p>Toute connexion ou transaction effectu\u00e9e aux moyens de ces \u00e9l\u00e9ments d\u2019identification est r\u00e9put\u00e9e r\u00e9alis\u00e9e par le client.<\/p>\n<p>Les s\u00e9ances de regroupement qui sont associ\u00e9es \u00e0 certaines formations en e-learning sont ouvertes si et seulement si le seuil minimum de 10 participants est atteint pour une formation.<\/p>\n<p>Si ce seuil n\u2019\u00e9tait pas atteint, la soci\u00e9t\u00e9 ALZAS FORMATION SASU rembourserait au client la quote-part encaiss\u00e9e au titre de la s\u00e9ance de regroupement. Il ne peut, en aucun cas, \u00eatre demand\u00e9 le remboursement total de la formation.<\/p>\n<ol start=\"7\">\n<li><strong>R\u00e8gles d\u2019usage de l\u2019Internet<\/strong><\/li>\n<\/ol>\n<p>Le client qui se connecte sur le site d\u00e9clare conna\u00eetre et accepter les caract\u00e9ristiques et limites de l\u2019Internet.<\/p>\n<p>Notamment le client reconna\u00eet :<\/p>\n<ul>\n<li>Qu\u2019il est seul responsable de l\u2019usage qu\u2019il fait du site,<\/li>\n<li>Que la communication de ses \u00e9l\u00e9ments d\u2019identification est faite sous sa propre responsabilit\u00e9,<\/li>\n<li>Qu\u2019il a connaissance de la nature de l\u2019Internet (performances techniques, temps de r\u00e9ponse pour interroger ou consulter,\u2026),<\/li>\n<li>Qu\u2019il lui appartient de s\u2019assurer que les caract\u00e9ristiques techniques de son ordinateur lui permettent d\u2019acc\u00e9der correctement au site,<\/li>\n<li>Qu\u2019il lui appartient de prendre les mesures appropri\u00e9es de protection et de sauvegarde de ses propres donn\u00e9es et logiciels de la contamination par d\u2019\u00e9ventuels virus pouvant circuler \u00e0 travers le site.<\/li>\n<\/ul>\n<p>&nbsp;<\/p>\n<p>En cons\u00e9quence, la soci\u00e9t\u00e9 ALZAS FORMATION SASU n\u2019encourt aucune responsabilit\u00e9 pour tous dommages directs ou indirects d\u00e9coulant de l\u2019usage du site.<\/p>\n<ol start=\"8\">\n<li><strong>Validit\u00e9 des \u00e9changes \u00e9lectroniques<\/strong><\/li>\n<\/ol>\n<p>Les enregistrements effectu\u00e9s sur le site font foi entre les parties contractantes. En cons\u00e9quence, le client accepte que lesdits enregistrements re\u00e7oivent la m\u00eame force probante qu\u2019un \u00e9crit sign\u00e9 de mani\u00e8re manuscrite.<\/p>\n<ol start=\"9\">\n<li><strong>Validit\u00e9 contractuelle des informations<\/strong><\/li>\n<\/ol>\n<p>Les textes des services pr\u00e9sent\u00e9s n\u2019ont pas de caract\u00e8re contractuel. Les informations figurant sur le serveur ont \u00e9t\u00e9 r\u00e9dig\u00e9es de bonne foi par des sp\u00e9cialistes. La soci\u00e9t\u00e9 ALZAS FORMATION SASU \u00a0ne pourra en aucun cas \u00eatre tenue pour responsable des \u00e9ventuelles erreurs retranscrites dans ces informations.<\/p>\n<ol start=\"10\">\n<li><strong>Propri\u00e9t\u00e9 intellectuelle des contenus<\/strong><\/li>\n<\/ol>\n<p>Par l\u2019acc\u00e8s au site www.alzasformation.com, la soci\u00e9t\u00e9 ALZAS FORMATION SASU consent au client qui l\u2019accepte, une licence d\u2019ouverture \u00e0 la formation ou \u00e0 la consultation dont l\u2019usage est strictement limit\u00e9 \u00e0 l\u2019utilisateur d\u00e9tenant les \u00e9l\u00e9ments d\u2019identification.<\/p>\n<p><strong>Le client ne dispose d\u2019aucun droit de propri\u00e9t\u00e9 intellectuelle sur les contenus de la plate-forme de formation du site. Il ne peut donc ni les transmettre, ni les reproduire ou ni les rediffuser ou donner ou vendre son acc\u00e8s \u00e0 une formation. L\u2019acc\u00e8s par des adresses IP multiples aura pour cons\u00e9quence la coupure des services E-learning.<\/strong><\/p>\n<p>L\u2019ensemble du contenu, quelle qu\u2019en soit la pr\u00e9sentation, est prot\u00e9g\u00e9 par la l\u00e9gislation applicable \u00e0 la propri\u00e9t\u00e9 intellectuelle.<\/p>\n<ol start=\"11\">\n<li><strong>Non-validit\u00e9 partielle<\/strong><\/li>\n<\/ol>\n<p>Si l\u2019une des clauses des pr\u00e9sentes conditions g\u00e9n\u00e9rales venait \u00e0 \u00eatre d\u00e9clar\u00e9e nulle ou non \u00e9crite, les autres dispositions n\u2019en demeureraient pas moins valables.<\/p>\n<ol start=\"12\">\n<li><strong>Non-renonciation<\/strong><\/li>\n<\/ol>\n<p>Le fait par la soci\u00e9t\u00e9 ALZAS FORMATION SASU de ne pas se pr\u00e9valoir d\u2019un manquement de l\u2019autre partie \u00e0 l\u2019une quelconque des obligations vis\u00e9es aux pr\u00e9sentes ne saurait \u00eatre interpr\u00e9t\u00e9 comme une renonciation d\u00e9finitive \u00e0 l\u2019obligation en cause.<\/p>\n<ol start=\"13\">\n<li><strong>Informations nominatives<\/strong><\/li>\n<\/ol>\n<p>Les informations qui sont demand\u00e9es au client sont n\u00e9cessaires au traitement de sa commande et pourront \u00eatre communiqu\u00e9es aux partenaires contractuels de la soci\u00e9t\u00e9 ALZAS FORMATION SASU intervenant dans le cadre de l\u2019ex\u00e9cution de cette commande.<\/p>\n<p>A d\u00e9faut d\u2019opposition expresse de sa part, l\u2019acheteur donne son consentement \u00e0 l\u2019utilisation des donn\u00e9es nominatives recueillies aux termes de sa commande, au titre du fichier de client\u00e8le du vendeur.<\/p>\n<p>Conform\u00e9ment \u00e0 la loi N\u00b078-17 du 6 janvier 1978 relative \u00e0 l\u2019informatique, aux fichiers et aux libert\u00e9s, le client dispose \u00e0 tout moment d\u2019un droit d\u2019acc\u00e8s et de rectification.\u00a0Pour exercer ce droit il doit adresser sa demande \u00e0 la soci\u00e9t\u00e9 ALZAS FORMATION SASU \u00a0486 chemin du Grand Bois, 30900 N\u00eemes \u2013 France.<\/p>\n<p><strong>Toutes les informations concernant le client, bons de commandes, factures, contrats de formation, attestations de pr\u00e9sence sont archiv\u00e9es pendant une p\u00e9riode de trois ann\u00e9es \u00e0 partir de la date de leur premi\u00e8re \u00e9dition.\u00a0Ces informations peuvent \u00eatre consult\u00e9es et imprim\u00e9es par le client \u00e0 l\u2019aide de son identifiant et de son mot de passe.<\/strong><\/p>\n<ol start=\"14\">\n<li><strong>Droit applicable<\/strong><\/li>\n<\/ol>\n<p>Les pr\u00e9sentes conditions g\u00e9n\u00e9rales de vente sont r\u00e9gies, tant pour leur interpr\u00e9tation que pour leur ex\u00e9cution, par la loi fran\u00e7aise. En cas de litige, le client s\u2019adressera en priorit\u00e9 \u00e0 la soci\u00e9t\u00e9 ALZAS FORMATION SASU pour obtenir une solution amiable.<\/p>\n<p>Tous diff\u00e9rents relatifs \u00e0 la formation, l\u2019ex\u00e9cution et la cessation des obligations contractuelles entre les parties ne pouvant donner lieu \u00e0 un r\u00e8glement \u00e0 l\u2019amiable seront soumis \u00e0 la juridiction du tribunal.<\/p>\n<ol start=\"15\">\n<li><strong>Attribution de comp\u00e9tence<\/strong><\/li>\n<\/ol>\n<p>Tout litige relatif \u00e0 l\u2019ex\u00e9cution ou \u00e0 l\u2019interpr\u00e9tation des pr\u00e9sentes, m\u00eame en cas de recours en garantie ou de pluralit\u00e9 de d\u00e9fendeurs, sera \u00e0 d\u00e9faut d\u2019accord amiable de la comp\u00e9tence exclusive des tribunaux du ressort du si\u00e8ge social De la soci\u00e9t\u00e9 ALZAS FORMATION SASU.<\/p>\n<p><strong>SOCIETE ALZAS FORMATION SASU, 486 chemin du Grand bois, 30900 N\u00eemes<\/strong><\/p>\n<p>Siret\u00a0:\u00a0<strong>909\u00a0520\u00a0447 00014 \u00a0\u00a0\u00a0\u00a0\u00a0\u00a0\u00a0\u00a0\u00a0\u00a0\u00a0\u00a0\u00a0\u00a0\u00a0\u00a0\u00a0\u00a0\u00a0\u00a0\u00a0\u00a0\u00a0\u00a0\u00a0\u00a0<\/strong>NAF : 8559A<\/p>\n<p><strong>Num\u00e9ro d\u2019organisme de formation attribu\u00e9 par la DREETS OCCITANIE : 76300493130<\/strong><\/p>\n<\/div>\n<\/div>\n<\/div><\/div><\/div><\/div><\/div>","protected":false},"excerpt":{"rendered":"<p>Conditions g\u00e9n\u00e9rales\u00a0de vente des Formations en pr\u00e9sentielle, du E-learning tutoriel et des E-books Les pr\u00e9sentes conditions g\u00e9n\u00e9rales de vente s\u2019appliquent [&hellip;]<\/p>\n","protected":false},"author":1,"featured_media":0,"parent":0,"menu_order":0,"comment_status":"closed","ping_status":"closed","template":"","meta":{"footnotes":""},"class_list":["post-11","page","type-page","status-publish","hentry"],"yoast_head":"<!-- This site is optimized with the Yoast SEO plugin v26.6 - https:\/\/yoast.com\/wordpress\/plugins\/seo\/ -->\n<title>C.G.U. - alzas formation<\/title>\n<meta name=\"description\" content=\"conditions g\u00e9n\u00e9rales d&#039;utilisation du site\" \/>\n<meta name=\"robots\" content=\"noindex, follow, max-snippet:-1, max-image-preview:large, max-video-preview:-1\" \/>\n<meta property=\"og:locale\" content=\"fr_FR\" \/>\n<meta property=\"og:type\" content=\"article\" \/>\n<meta property=\"og:title\" content=\"C.G.U. - alzas formation\" \/>\n<meta property=\"og:description\" content=\"conditions g\u00e9n\u00e9rales d&#039;utilisation du site\" \/>\n<meta property=\"og:url\" content=\"https:\/\/alzasformation.com\/index.php\/lp-term-conditions\/\" \/>\n<meta property=\"og:site_name\" content=\"alzas formation\" \/>\n<meta property=\"article:modified_time\" content=\"2024-06-16T11:00:19+00:00\" \/>\n<meta name=\"twitter:card\" content=\"summary_large_image\" \/>\n<meta name=\"twitter:label1\" content=\"Dur\u00e9e de lecture estim\u00e9e\" \/>\n\t<meta name=\"twitter:data1\" content=\"11 minutes\" \/>\n<script type=\"application\/ld+json\" class=\"yoast-schema-graph\">{\"@context\":\"https:\/\/schema.org\",\"@graph\":[{\"@type\":\"WebPage\",\"@id\":\"https:\/\/alzasformation.com\/index.php\/lp-term-conditions\/\",\"url\":\"https:\/\/alzasformation.com\/index.php\/lp-term-conditions\/\",\"name\":\"C.G.U. - alzas formation\",\"isPartOf\":{\"@id\":\"https:\/\/alzasformation.com\/#website\"},\"datePublished\":\"2022-03-19T10:11:35+00:00\",\"dateModified\":\"2024-06-16T11:00:19+00:00\",\"description\":\"conditions g\u00e9n\u00e9rales d'utilisation du site\",\"breadcrumb\":{\"@id\":\"https:\/\/alzasformation.com\/index.php\/lp-term-conditions\/#breadcrumb\"},\"inLanguage\":\"fr-FR\",\"potentialAction\":[{\"@type\":\"ReadAction\",\"target\":[\"https:\/\/alzasformation.com\/index.php\/lp-term-conditions\/\"]}]},{\"@type\":\"BreadcrumbList\",\"@id\":\"https:\/\/alzasformation.com\/index.php\/lp-term-conditions\/#breadcrumb\",\"itemListElement\":[{\"@type\":\"ListItem\",\"position\":1,\"name\":\"Accueil\",\"item\":\"https:\/\/alzasformation.com\/\"},{\"@type\":\"ListItem\",\"position\":2,\"name\":\"C.G.U.\"}]},{\"@type\":\"WebSite\",\"@id\":\"https:\/\/alzasformation.com\/#website\",\"url\":\"https:\/\/alzasformation.com\/\",\"name\":\"alzas formation\",\"description\":\"au service de votre formation\",\"potentialAction\":[{\"@type\":\"SearchAction\",\"target\":{\"@type\":\"EntryPoint\",\"urlTemplate\":\"https:\/\/alzasformation.com\/?s={search_term_string}\"},\"query-input\":{\"@type\":\"PropertyValueSpecification\",\"valueRequired\":true,\"valueName\":\"search_term_string\"}}],\"inLanguage\":\"fr-FR\"}]}<\/script>\n<!-- \/ Yoast SEO plugin. -->","yoast_head_json":{"title":"C.G.U. - alzas formation","description":"conditions g\u00e9n\u00e9rales d'utilisation du site","robots":{"index":"noindex","follow":"follow","max-snippet":"max-snippet:-1","max-image-preview":"max-image-preview:large","max-video-preview":"max-video-preview:-1"},"og_locale":"fr_FR","og_type":"article","og_title":"C.G.U. - alzas formation","og_description":"conditions g\u00e9n\u00e9rales d'utilisation du site","og_url":"https:\/\/alzasformation.com\/index.php\/lp-term-conditions\/","og_site_name":"alzas formation","article_modified_time":"2024-06-16T11:00:19+00:00","twitter_card":"summary_large_image","twitter_misc":{"Dur\u00e9e de lecture estim\u00e9e":"11 minutes"},"schema":{"@context":"https:\/\/schema.org","@graph":[{"@type":"WebPage","@id":"https:\/\/alzasformation.com\/index.php\/lp-term-conditions\/","url":"https:\/\/alzasformation.com\/index.php\/lp-term-conditions\/","name":"C.G.U. - alzas formation","isPartOf":{"@id":"https:\/\/alzasformation.com\/#website"},"datePublished":"2022-03-19T10:11:35+00:00","dateModified":"2024-06-16T11:00:19+00:00","description":"conditions g\u00e9n\u00e9rales d'utilisation du site","breadcrumb":{"@id":"https:\/\/alzasformation.com\/index.php\/lp-term-conditions\/#breadcrumb"},"inLanguage":"fr-FR","potentialAction":[{"@type":"ReadAction","target":["https:\/\/alzasformation.com\/index.php\/lp-term-conditions\/"]}]},{"@type":"BreadcrumbList","@id":"https:\/\/alzasformation.com\/index.php\/lp-term-conditions\/#breadcrumb","itemListElement":[{"@type":"ListItem","position":1,"name":"Accueil","item":"https:\/\/alzasformation.com\/"},{"@type":"ListItem","position":2,"name":"C.G.U."}]},{"@type":"WebSite","@id":"https:\/\/alzasformation.com\/#website","url":"https:\/\/alzasformation.com\/","name":"alzas formation","description":"au service de votre formation","potentialAction":[{"@type":"SearchAction","target":{"@type":"EntryPoint","urlTemplate":"https:\/\/alzasformation.com\/?s={search_term_string}"},"query-input":{"@type":"PropertyValueSpecification","valueRequired":true,"valueName":"search_term_string"}}],"inLanguage":"fr-FR"}]}},"jetpack_sharing_enabled":true,"_links":{"self":[{"href":"https:\/\/alzasformation.com\/index.php\/wp-json\/wp\/v2\/pages\/11","targetHints":{"allow":["GET"]}}],"collection":[{"href":"https:\/\/alzasformation.com\/index.php\/wp-json\/wp\/v2\/pages"}],"about":[{"href":"https:\/\/alzasformation.com\/index.php\/wp-json\/wp\/v2\/types\/page"}],"author":[{"embeddable":true,"href":"https:\/\/alzasformation.com\/index.php\/wp-json\/wp\/v2\/users\/1"}],"replies":[{"embeddable":true,"href":"https:\/\/alzasformation.com\/index.php\/wp-json\/wp\/v2\/comments?post=11"}],"version-history":[{"count":9,"href":"https:\/\/alzasformation.com\/index.php\/wp-json\/wp\/v2\/pages\/11\/revisions"}],"predecessor-version":[{"id":332,"href":"https:\/\/alzasformation.com\/index.php\/wp-json\/wp\/v2\/pages\/11\/revisions\/332"}],"wp:attachment":[{"href":"https:\/\/alzasformation.com\/index.php\/wp-json\/wp\/v2\/media?parent=11"}],"curies":[{"name":"wp","href":"https:\/\/api.w.org\/{rel}","templated":true}]}}